{"id":41,"date":"2020-12-18T08:20:24","date_gmt":"2020-12-18T07:20:24","guid":{"rendered":"http:\/\/cbpk.strony.uw.edu.pl\/?page_id=41"},"modified":"2021-07-10T09:02:53","modified_gmt":"2021-07-10T07:02:53","slug":"o-centrum","status":"publish","type":"page","link":"http:\/\/cbpk.uw.edu.pl\/en\/o-centrum\/","title":{"rendered":"O CENTRUM"},"content":{"rendered":"<p><strong>WITAMY NA OFICJALNEJ STRONIE\u00a0<\/strong><strong>Centrum Bada\u0144 nad Problematyk\u0105 Kobiet i P\u0142ci!<\/strong><\/p>\n<p><strong>Centrum <\/strong><em>(Centre for Women&#8217;s and Gender Research) <\/em>dzia\u0142a na Wydziale Stosowanych Nauk Spo\u0142ecznych i Resocjalizacji Uniwersytetu Warszawskiego. Zosta\u0142o powo\u0142ane w 2020 r. z inicjatywy dr hab. Anety Ostaszewskiej. Jego celem jest przede wszystkim integracja i intensyfikacja dzia\u0142a\u0144 badawczych, naukowych oraz dydaktycznych w obszarze problematyki kobiecej i p\u0142ci na WSNSiR.<\/p>\n<p><strong>Idea Centrum<\/strong> skupiona jest wok\u00f3\u0142 problematyki kobiecej i p\u0142ci kulturowo-spo\u0142ecznej (gender), zar\u00f3wno w wymiarze spo\u0142ecznym, jak r\u00f3wnie\u017c edukacyjnym, historycznym, kulturowym i prawnym. Ze wzgl\u0119du na specyfik\u0119 WSNSiR, szczeg\u00f3lnie istotna i zarazem wpisana w charakter Centrum jest interdyscyplinarno\u015b\u0107 w organizacji oraz prowadzeniu bada\u0144 i dzia\u0142a\u0144 naukowych.<\/p>\n<p><strong>Dwa kluczowe zadania Centrum<\/strong> to gromadzenie i transmisja r\u00f3\u017cnorodnych zasob\u00f3w wiedzy. Realizacja tych zada\u0144 odbywa\u0107 si\u0119 b\u0119dzie w oparciu o prowadzenie bada\u0144, z uwzgl\u0119dnieniem poziom\u00f3w mikro, mezo i makro (lokalnego, krajowego i globalnego), oraz wdra\u017canie inicjatyw edukacyjnych o charakterze akademickim i spo\u0142ecznym.<\/p>\n<p><strong>G\u0142\u00f3wne dzia\u0142ania Centrum<\/strong>:<br \/>\n\u2022 interdyscyplinarne badania naukowe,<br \/>\n\u2022 udzia\u0142 w mi\u0119dzynarodowych projektach badawczych,<br \/>\n\u2022 wsp\u00f3\u0142praca mi\u0119dzynarodowa, w tym aktywny udzia\u0142 w programie mobilno\u015bci Erasmus+,<br \/>\n\u2022 organizacja mi\u0119dzynarodowych konferencji, seminari\u00f3w i warsztat\u00f3w,<br \/>\n\u2022 programy dydaktyczne na poziomie studi\u00f3w 1 i 2 stopnia oraz kszta\u0142cenie doktorant\u00f3w\/ek, ze szczeg\u00f3lnym uwzgl\u0119dnieniem inicjatyw strategicznych Uniwersytetu Warszawskiego;<br \/>\n\u2022 popularyzacja postulat\u00f3w r\u00f3wno\u015bci p\u0142ci, praw kobiet i polityki antydyskryminacyjnej w Polsce i na \u015bwiecie.<\/p>\n<p>Realizacja tych dzia\u0142a\u0144 poci\u0105ga za sob\u0105 r\u00f3wnie\u017c aktywn\u0105 wsp\u00f3\u0142prac\u0119 Centrum z otoczeniem spo\u0142ecznym i gospodarczym (szczeg\u00f3lnie organizacjami po\u017cytku publicznego) oraz uczestniczenie w \u017cyciu publicznym i kulturalnym.<\/p>\n<p>W zakresie dydaktyki oferta Centrum dotyczy\u0107 b\u0119dzie zar\u00f3wno seminari\u00f3w dyplomowych (licencjackich i magisterskich), jak i zaj\u0119\u0107 o charakterze fakultatywnym (w tym zaj\u0119cia og\u00f3lnouniwersyteckie) prowadzonych w j\u0119zyku polskim i\/lub angielskim. Priorytetem b\u0119dzie r\u00f3wnie\u017c w\u0142\u0105czanie student\u00f3w\/ek i doktorant\u00f3w\/ek w dzia\u0142ania Centrum, w tym projekty naukowe.<\/p>\n<p>Z cz\u0142onkiniami zespo\u0142u Centrum mo\u017cna si\u0119 zapozna\u0107 w zak\u0142adce <strong>Zesp\u00f3\u0142<\/strong>.<\/p>\n<p>Przynale\u017cno\u015b\u0107 do Centrum oraz wsp\u00f3\u0142praca odbywaj\u0105 si\u0119 na zasadzie dobrowolno\u015bci. Osoby zainteresowane afiliacj\u0105 zapraszamy do kontaktu mailowego.<\/p>\n<p>&nbsp;<\/p>\n","protected":false},"excerpt":{"rendered":"<p>WITAMY NA OFICJALNEJ STRONIE\u00a0Centrum Bada\u0144 nad Problematyk\u0105 Kobiet i P\u0142ci! Centrum (Centre for Women&#8217;s and Gender Research) dzia\u0142a na Wydziale<\/p>\n","protected":false},"author":402,"featured_media":0,"parent":0,"menu_order":0,"comment_status":"closed","ping_status":"closed","template":"","meta":{"_links_to":"","_links_to_target":""},"acf":[],"_links":{"self":[{"href":"http:\/\/cbpk.uw.edu.pl\/en\/wp-json\/wp\/v2\/pages\/41"}],"collection":[{"href":"http:\/\/cbpk.uw.edu.pl\/en\/wp-json\/wp\/v2\/pages"}],"about":[{"href":"http:\/\/cbpk.uw.edu.pl\/en\/wp-json\/wp\/v2\/types\/page"}],"author":[{"embeddable":true,"href":"http:\/\/cbpk.uw.edu.pl\/en\/wp-json\/wp\/v2\/users\/402"}],"replies":[{"embeddable":true,"href":"http:\/\/cbpk.uw.edu.pl\/en\/wp-json\/wp\/v2\/comments?post=41"}],"version-history":[{"count":22,"href":"http:\/\/cbpk.uw.edu.pl\/en\/wp-json\/wp\/v2\/pages\/41\/revisions"}],"predecessor-version":[{"id":386,"href":"http:\/\/cbpk.uw.edu.pl\/en\/wp-json\/wp\/v2\/pages\/41\/revisions\/386"}],"wp:attachment":[{"href":"http:\/\/cbpk.uw.edu.pl\/en\/wp-json\/wp\/v2\/media?parent=41"}],"curies":[{"name":"wp","href":"https:\/\/api.w.org\/{rel}","templated":true}]}}